{"id":806,"date":"2021-09-20T09:54:55","date_gmt":"2021-09-20T07:54:55","guid":{"rendered":"https:\/\/altax.al\/?post_type=product&#038;p=806"},"modified":"2024-06-10T11:26:55","modified_gmt":"2024-06-10T09:26:55","slug":"tax-system-and-incentives-for-investments-in-albania","status":"publish","type":"product","link":"https:\/\/altax.al\/en\/product\/tax-system-and-incentives-for-investments-in-albania\/","title":{"rendered":"Tax system and incentives for investments in Albania"},"content":{"rendered":"<p>Investments bring the necessary capital, increase the productivity of the economy through the transfer of knowledge and technology, affect the opening of new markets for trade, increase the competitiveness of the economy, reducing the impact on the current account deficit, increase employment and above all affect the welfare of the population. Investment flow requires policies and strategies well defined continuous improvements in the legal and institutional framework, economic stability and sustainable growth, improvement and modernization of infrastructure and improvement in the climate for investment environment<\/p>\n<p>Investimet\u00a0jane prurja me e plote qe hyn ne nje vend e nxitur nga ndryshimi teknologjik, konkurrenca globale dhe liberalizimi i tregjeve, duke luajtur rol ky\u00e7 n\u00eb procesin e integrimit global ekonomik. Investimet sjellin kapitalin e nevojsh\u00ebm, rritin produktivitetin e ekonomis\u00eb n\u00ebp\u00ebrmjet transferimit t\u00eb njohurive dhe teknologjis\u00eb, ndikojn\u00eb n\u00eb hapjen e tregjeve t\u00eb reja p\u00ebr tregti, rritin konkurrueshm\u00ebrin\u00eb e ekonomis\u00eb, ndikojn\u00eb n\u00eb reduktimin e deficitit t\u00eb llogarive korente, rritin pun\u00ebsimin dhe mbi t\u00eb gjitha ndikojn\u00eb n\u00eb mir\u00ebqenien e popullsis\u00eb.\u00a0Hyrja e investimeve\u00a0k\u00ebrkon nderkohe politika dhe strategji t\u00eb plota fiskale, ku perfshihen p\u00ebrmir\u00ebsime t\u00eb vazhdueshme n\u00eb kuadrin ligjor dhe institucional, stabilitet dhe forcim kapacitetesh ne zbatimin e legjislacionit, si dhe p\u00ebrmir\u00ebsim dhe modernizim t\u00eb infrastruktur\u00ebs\u00a0me nje produkt te vetem qe eshte p\u00ebrmir\u00ebsimi\u00a0i klim\u00ebs p\u00ebr investimet.<\/p>\n","protected":false},"excerpt":{"rendered":"<p>New developments of tax system and the economic situation and rules about doing business in Albania. Foreign Investment are the most comprehensive, which enter in a country driven by technological change, global competition and market liberalization, foreign direct investment can play a key role in the process of global economic integration. They create effects in the host countries as well as in the investing economies.<\/p>\n","protected":false},"featured_media":807,"template":"","meta":{"inline_featured_image":false},"product_brand":[],"product_cat":[10369],"product_tag":[10299,10443,10406,10328],"class_list":{"0":"post-806","1":"product","2":"type-product","3":"status-publish","4":"has-post-thumbnail","6":"product_cat-altax-products-en","7":"product_tag-albania-en","8":"product_tag-incentives","9":"product_tag-investment-en","10":"product_tag-tax-system-en","12":"first","13":"instock","14":"sale","15":"downloadable","16":"virtual","17":"purchasable","18":"product-type-simple"},"yoast_head":"<!-- This site is optimized with the Yoast SEO plugin v26.7 - https:\/\/yoast.com\/wordpress\/plugins\/seo\/ -->\n<title>Tax system and incentives for investments in Albania - ALTAX<\/title>\n<meta name=\"robots\" content=\"index, follow, max-snippet:-1, max-image-preview:large, max-video-preview:-1\" \/>\n<link rel=\"canonical\" href=\"https:\/\/altax.al\/en\/product\/tax-system-and-incentives-for-investments-in-albania\/\" \/>\n<meta property=\"og:locale\" content=\"en_US\" \/>\n<meta property=\"og:type\" content=\"article\" \/>\n<meta property=\"og:title\" content=\"Tax system and incentives for investments in Albania - ALTAX\" \/>\n<meta property=\"og:description\" content=\"New developments of tax system and the economic situation and rules about doing business in Albania. Foreign Investment are the most comprehensive, which enter in a country driven by technological change, global competition and market liberalization, foreign direct investment can play a key role in the process of global economic integration. They create effects in the host countries as well as in the investing economies.\" \/>\n<meta property=\"og:url\" content=\"https:\/\/altax.al\/en\/product\/tax-system-and-incentives-for-investments-in-albania\/\" \/>\n<meta property=\"og:site_name\" content=\"ALTAX\" \/>\n<meta property=\"article:publisher\" content=\"https:\/\/www.facebook.com\/Fiskalisti\/\" \/>\n<meta property=\"article:modified_time\" content=\"2024-06-10T09:26:55+00:00\" \/>\n<meta property=\"og:image\" content=\"https:\/\/altax.al\/wp-content\/uploads\/2021\/09\/tax_system.jpg\" \/>\n\t<meta property=\"og:image:width\" content=\"300\" \/>\n\t<meta property=\"og:image:height\" content=\"400\" \/>\n\t<meta property=\"og:image:type\" content=\"image\/jpeg\" \/>\n<meta name=\"twitter:card\" content=\"summary_large_image\" \/>\n<meta name=\"twitter:label1\" content=\"Est. reading time\" \/>\n\t<meta name=\"twitter:data1\" content=\"2 minutes\" \/>\n<script type=\"application\/ld+json\" class=\"yoast-schema-graph\">{\"@context\":\"https:\/\/schema.org\",\"@graph\":[{\"@type\":\"WebPage\",\"@id\":\"https:\/\/altax.al\/en\/product\/tax-system-and-incentives-for-investments-in-albania\/\",\"url\":\"https:\/\/altax.al\/en\/product\/tax-system-and-incentives-for-investments-in-albania\/\",\"name\":\"Tax system and incentives for investments in Albania - ALTAX\",\"isPartOf\":{\"@id\":\"https:\/\/altax.al\/#website\"},\"primaryImageOfPage\":{\"@id\":\"https:\/\/altax.al\/en\/product\/tax-system-and-incentives-for-investments-in-albania\/#primaryimage\"},\"image\":{\"@id\":\"https:\/\/altax.al\/en\/product\/tax-system-and-incentives-for-investments-in-albania\/#primaryimage\"},\"thumbnailUrl\":\"https:\/\/altax.al\/wp-content\/uploads\/2021\/09\/tax_system.jpg\",\"datePublished\":\"2021-09-20T07:54:55+00:00\",\"dateModified\":\"2024-06-10T09:26:55+00:00\",\"breadcrumb\":{\"@id\":\"https:\/\/altax.al\/en\/product\/tax-system-and-incentives-for-investments-in-albania\/#breadcrumb\"},\"inLanguage\":\"en-US\",\"potentialAction\":[{\"@type\":\"ReadAction\",\"target\":[\"https:\/\/altax.al\/en\/product\/tax-system-and-incentives-for-investments-in-albania\/\"]}]},{\"@type\":\"ImageObject\",\"inLanguage\":\"en-US\",\"@id\":\"https:\/\/altax.al\/en\/product\/tax-system-and-incentives-for-investments-in-albania\/#primaryimage\",\"url\":\"https:\/\/altax.al\/wp-content\/uploads\/2021\/09\/tax_system.jpg\",\"contentUrl\":\"https:\/\/altax.al\/wp-content\/uploads\/2021\/09\/tax_system.jpg\",\"width\":300,\"height\":400},{\"@type\":\"BreadcrumbList\",\"@id\":\"https:\/\/altax.al\/en\/product\/tax-system-and-incentives-for-investments-in-albania\/#breadcrumb\",\"itemListElement\":[{\"@type\":\"ListItem\",\"position\":1,\"name\":\"Home\",\"item\":\"https:\/\/altax.al\/en\/\"},{\"@type\":\"ListItem\",\"position\":2,\"name\":\"Shop\",\"item\":\"https:\/\/altax.al\/en\/shop\/\"},{\"@type\":\"ListItem\",\"position\":3,\"name\":\"Tax system and incentives for investments in Albania\"}]},{\"@type\":\"WebSite\",\"@id\":\"https:\/\/altax.al\/#website\",\"url\":\"https:\/\/altax.al\/\",\"name\":\"ALTAX\",\"description\":\"\",\"publisher\":{\"@id\":\"https:\/\/altax.al\/#organization\"},\"potentialAction\":[{\"@type\":\"SearchAction\",\"target\":{\"@type\":\"EntryPoint\",\"urlTemplate\":\"https:\/\/altax.al\/?s={search_term_string}\"},\"query-input\":{\"@type\":\"PropertyValueSpecification\",\"valueRequired\":true,\"valueName\":\"search_term_string\"}}],\"inLanguage\":\"en-US\"},{\"@type\":\"Organization\",\"@id\":\"https:\/\/altax.al\/#organization\",\"name\":\"ALTAX\",\"url\":\"https:\/\/altax.al\/\",\"logo\":{\"@type\":\"ImageObject\",\"inLanguage\":\"en-US\",\"@id\":\"https:\/\/altax.al\/#\/schema\/logo\/image\/\",\"url\":\"https:\/\/altax.al\/wp-content\/uploads\/2021\/11\/LOGO-ALTAX.svg\",\"contentUrl\":\"https:\/\/altax.al\/wp-content\/uploads\/2021\/11\/LOGO-ALTAX.svg\",\"width\":\"1024\",\"height\":\"1024\",\"caption\":\"ALTAX\"},\"image\":{\"@id\":\"https:\/\/altax.al\/#\/schema\/logo\/image\/\"},\"sameAs\":[\"https:\/\/www.facebook.com\/Fiskalisti\/\",\"https:\/\/www.instagram.com\/altaxstudio\/\",\"https:\/\/www.linkedin.com\/in\/altax\/\"]}]}<\/script>\n<!-- \/ Yoast SEO plugin. -->","yoast_head_json":{"title":"Tax system and incentives for investments in Albania - ALTAX","robots":{"index":"index","follow":"follow","max-snippet":"max-snippet:-1","max-image-preview":"max-image-preview:large","max-video-preview":"max-video-preview:-1"},"canonical":"https:\/\/altax.al\/en\/product\/tax-system-and-incentives-for-investments-in-albania\/","og_locale":"en_US","og_type":"article","og_title":"Tax system and incentives for investments in Albania - ALTAX","og_description":"New developments of tax system and the economic situation and rules about doing business in Albania. Foreign Investment are the most comprehensive, which enter in a country driven by technological change, global competition and market liberalization, foreign direct investment can play a key role in the process of global economic integration. They create effects in the host countries as well as in the investing economies.","og_url":"https:\/\/altax.al\/en\/product\/tax-system-and-incentives-for-investments-in-albania\/","og_site_name":"ALTAX","article_publisher":"https:\/\/www.facebook.com\/Fiskalisti\/","article_modified_time":"2024-06-10T09:26:55+00:00","og_image":[{"width":300,"height":400,"url":"https:\/\/altax.al\/wp-content\/uploads\/2021\/09\/tax_system.jpg","type":"image\/jpeg"}],"twitter_card":"summary_large_image","twitter_misc":{"Est. reading time":"2 minutes"},"schema":{"@context":"https:\/\/schema.org","@graph":[{"@type":"WebPage","@id":"https:\/\/altax.al\/en\/product\/tax-system-and-incentives-for-investments-in-albania\/","url":"https:\/\/altax.al\/en\/product\/tax-system-and-incentives-for-investments-in-albania\/","name":"Tax system and incentives for investments in Albania - ALTAX","isPartOf":{"@id":"https:\/\/altax.al\/#website"},"primaryImageOfPage":{"@id":"https:\/\/altax.al\/en\/product\/tax-system-and-incentives-for-investments-in-albania\/#primaryimage"},"image":{"@id":"https:\/\/altax.al\/en\/product\/tax-system-and-incentives-for-investments-in-albania\/#primaryimage"},"thumbnailUrl":"https:\/\/altax.al\/wp-content\/uploads\/2021\/09\/tax_system.jpg","datePublished":"2021-09-20T07:54:55+00:00","dateModified":"2024-06-10T09:26:55+00:00","breadcrumb":{"@id":"https:\/\/altax.al\/en\/product\/tax-system-and-incentives-for-investments-in-albania\/#breadcrumb"},"inLanguage":"en-US","potentialAction":[{"@type":"ReadAction","target":["https:\/\/altax.al\/en\/product\/tax-system-and-incentives-for-investments-in-albania\/"]}]},{"@type":"ImageObject","inLanguage":"en-US","@id":"https:\/\/altax.al\/en\/product\/tax-system-and-incentives-for-investments-in-albania\/#primaryimage","url":"https:\/\/altax.al\/wp-content\/uploads\/2021\/09\/tax_system.jpg","contentUrl":"https:\/\/altax.al\/wp-content\/uploads\/2021\/09\/tax_system.jpg","width":300,"height":400},{"@type":"BreadcrumbList","@id":"https:\/\/altax.al\/en\/product\/tax-system-and-incentives-for-investments-in-albania\/#breadcrumb","itemListElement":[{"@type":"ListItem","position":1,"name":"Home","item":"https:\/\/altax.al\/en\/"},{"@type":"ListItem","position":2,"name":"Shop","item":"https:\/\/altax.al\/en\/shop\/"},{"@type":"ListItem","position":3,"name":"Tax system and incentives for investments in Albania"}]},{"@type":"WebSite","@id":"https:\/\/altax.al\/#website","url":"https:\/\/altax.al\/","name":"ALTAX","description":"","publisher":{"@id":"https:\/\/altax.al\/#organization"},"potentialAction":[{"@type":"SearchAction","target":{"@type":"EntryPoint","urlTemplate":"https:\/\/altax.al\/?s={search_term_string}"},"query-input":{"@type":"PropertyValueSpecification","valueRequired":true,"valueName":"search_term_string"}}],"inLanguage":"en-US"},{"@type":"Organization","@id":"https:\/\/altax.al\/#organization","name":"ALTAX","url":"https:\/\/altax.al\/","logo":{"@type":"ImageObject","inLanguage":"en-US","@id":"https:\/\/altax.al\/#\/schema\/logo\/image\/","url":"https:\/\/altax.al\/wp-content\/uploads\/2021\/11\/LOGO-ALTAX.svg","contentUrl":"https:\/\/altax.al\/wp-content\/uploads\/2021\/11\/LOGO-ALTAX.svg","width":"1024","height":"1024","caption":"ALTAX"},"image":{"@id":"https:\/\/altax.al\/#\/schema\/logo\/image\/"},"sameAs":["https:\/\/www.facebook.com\/Fiskalisti\/","https:\/\/www.instagram.com\/altaxstudio\/","https:\/\/www.linkedin.com\/in\/altax\/"]}]}},"_links":{"self":[{"href":"https:\/\/altax.al\/en\/wp-json\/wp\/v2\/product\/806","targetHints":{"allow":["GET"]}}],"collection":[{"href":"https:\/\/altax.al\/en\/wp-json\/wp\/v2\/product"}],"about":[{"href":"https:\/\/altax.al\/en\/wp-json\/wp\/v2\/types\/product"}],"wp:featuredmedia":[{"embeddable":true,"href":"https:\/\/altax.al\/en\/wp-json\/wp\/v2\/media\/807"}],"wp:attachment":[{"href":"https:\/\/altax.al\/en\/wp-json\/wp\/v2\/media?parent=806"}],"wp:term":[{"taxonomy":"product_brand","embeddable":true,"href":"https:\/\/altax.al\/en\/wp-json\/wp\/v2\/product_brand?post=806"},{"taxonomy":"product_cat","embeddable":true,"href":"https:\/\/altax.al\/en\/wp-json\/wp\/v2\/product_cat?post=806"},{"taxonomy":"product_tag","embeddable":true,"href":"https:\/\/altax.al\/en\/wp-json\/wp\/v2\/product_tag?post=806"}],"curies":[{"name":"wp","href":"https:\/\/api.w.org\/{rel}","templated":true}]}}