{"id":9780,"date":"2021-11-13T12:14:48","date_gmt":"2021-11-13T11:14:48","guid":{"rendered":"https:\/\/altax.al\/?page_id=9780"},"modified":"2022-03-07T21:42:43","modified_gmt":"2022-03-07T20:42:43","slug":"media","status":"publish","type":"page","link":"https:\/\/altax.al\/en\/media\/","title":{"rendered":"Media"},"content":{"rendered":"<div class=\"wpb-content-wrapper\"><p>[vc_row wrap_container=&#8221;yes&#8221; is_section=&#8221;yes&#8221; section_skin=&#8221;parallax&#8221; el_class=&#8221;section1&#8243;][vc_column][vc_custom_heading text=&#8221;Media&#8221; font_container=&#8221;tag:h2|font_size:28|text_align:left&#8221; use_theme_fonts=&#8221;yes&#8221; font_weight=&#8221;700&#8243; css=&#8221;.vc_custom_1635705513725{margin-bottom: 5px !important;}&#8221;][vc_separator color=&#8221;custom&#8221; align=&#8221;align_left&#8221; border_width=&#8221;4&#8243; el_width=&#8221;10&#8243; type=&#8221;small&#8221; gap=&#8221;short&#8221; accent_color=&#8221;#0db14b&#8221; el_class=&#8221;separator&#8221;][vc_column_text]<\/p>\n<div class=\"wpb_text_column wpb_content_element \">\n<div class=\"wpb_wrapper\">\n<p>ALTAX is an Albanian think \u2013 tank initiative aiming at a new approach to Albanian \u2013 European fiscal and economic policy. The primary goal is to promote education in taxation, help and assist the taxpayers and interested parties (students, field experts, civil servants) with the proper expertise. On the other hand the cooperation with the academics and experts aims to expand and create an comprehensive audience in help of increasing of fiscal capacities in Albania, and beyond.<\/p>\n<p>Our media agenda, and especially our public communication approach, is the core of our work and activities. Based on expert recommendations we can dialog with public about obstacles rooted in plenty forms of public outreach and part of the open-minded approach, where our researchers represent the different perspective with other organizations. Research topics and services cover economics, development, governance and public policy.<\/p>\n<\/div>\n<\/div>\n<p>[\/vc_column_text][\/vc_column][\/vc_row][vc_row wrap_container=&#8221;yes&#8221; section_skin=&#8221;parallax&#8221; remove_margin_top=&#8221;yes&#8221; remove_margin_bottom=&#8221;yes&#8221; el_class=&#8221;section2&#8243; css=&#8221;.vc_custom_1637055180432{background-color: #f7f7f7 !important;background-position: center !important;background-repeat: no-repeat !important;background-size: cover !important;}&#8221;][vc_column width=&#8221;1\/3&#8243;][vc_video link=&#8221;https:\/\/www.youtube.com\/watch?v=l3zcuFj9aM4&#8243; css=&#8221;.vc_custom_1635706668582{margin-bottom: 15px !important;}&#8221;][vc_column_text css=&#8221;.vc_custom_1637054693237{margin-bottom: 15px !important;}&#8221;]<strong>Premtimet e programit qeveris\u00ebs, t\u00eb parealizueshme pa nj\u00eb reform\u00eb t\u00eb thell\u00eb<\/strong>[\/vc_column_text][\/vc_column][vc_column width=&#8221;1\/3&#8243;][vc_video link=&#8221;https:\/\/www.youtube.com\/watch?v=anO6A7wI3eI&#8221; css=&#8221;.vc_custom_1635706672670{margin-bottom: 15px !important;}&#8221;][vc_column_text css=&#8221;.vc_custom_1637054710302{margin-bottom: 0px !important;}&#8221;]<strong>Rritja e borxhit publik, Gjokutaj: Jan\u00eb marr\u00eb kredi p\u00ebr t\u00eb shlyer borxhet e m\u00ebparshme<\/strong>[\/vc_column_text][\/vc_column][vc_column width=&#8221;1\/3&#8243;][vc_video link=&#8221;https:\/\/www.youtube.com\/watch?v=mNnG3yQK3cY&#8221; css=&#8221;.vc_custom_1646685737661{margin-bottom: 15px !important;}&#8221;][vc_column_text css=&#8221;.vc_custom_1646685760550{margin-bottom: 0px !important;}&#8221;]<\/p>\n<p class=\"title style-scope ytd-video-primary-info-renderer\"><strong>Ekonomia duhet t\u00eb m\u00ebsoj\u00eb shpejt nga kriza n\u00eb kriz\u00eb<\/strong><\/p>\n<p>[\/vc_column_text][\/vc_column][\/vc_row][vc_row wrap_container=&#8221;yes&#8221; section_skin=&#8221;parallax&#8221; remove_margin_top=&#8221;yes&#8221; remove_margin_bottom=&#8221;yes&#8221; el_class=&#8221;section2&#8243; css=&#8221;.vc_custom_1635706385858{padding-top: 60px !important;background-color: #f7f7f7 !important;background-position: center !important;background-repeat: no-repeat !important;background-size: cover !important;}&#8221;][vc_column width=&#8221;1\/3&#8243;][vc_video link=&#8221;https:\/\/youtu.be\/1oRJGLNBUYQ&#8221; css=&#8221;.vc_custom_1635706653862{margin-bottom: 15px !important;}&#8221;][vc_column_text css=&#8221;.vc_custom_1637054754882{margin-bottom: 0px !important;}&#8221;]<strong>Uzina e Ballshit, ekspert\u00ebt: T\u00eb ndiqen procedurat e falimentit<\/strong>[\/vc_column_text][\/vc_column][vc_column width=&#8221;1\/3&#8243;][vc_video link=&#8221;https:\/\/youtu.be\/bemfobmLKQI&#8221; css=&#8221;.vc_custom_1635706659647{margin-bottom: 15px !important;}&#8221;][vc_column_text css=&#8221;.vc_custom_1637054911093{margin-bottom: 0px !important;}&#8221;]<strong>Me Pak Fjal\u00eb sjell sot: Ulja e taksave, politik\u00eb apo ekonomi?<\/strong>[\/vc_column_text][\/vc_column][vc_column width=&#8221;1\/3&#8243;][vc_video link=&#8221;https:\/\/youtu.be\/ai56eTr7EP0&#8243; css=&#8221;.vc_custom_1635706664535{margin-bottom: 15px !important;}&#8221;][vc_column_text css=&#8221;.vc_custom_1637054938905{margin-bottom: 0px !important;}&#8221;]<strong>Barra fiskale\/ Gjokutaj: T\u00eb taksohet pasuria, leht\u00ebsim p\u00ebr shtres\u00ebn e mesme<\/strong>[\/vc_column_text][\/vc_column][\/vc_row][vc_row wrap_container=&#8221;yes&#8221; section_skin=&#8221;parallax&#8221; remove_margin_top=&#8221;yes&#8221; remove_margin_bottom=&#8221;yes&#8221; el_class=&#8221;section2&#8243; css=&#8221;.vc_custom_1635706392739{padding-top: 60px !important;background-color: #f7f7f7 !important;background-position: center !important;background-repeat: no-repeat !important;background-size: cover !important;}&#8221;][vc_column width=&#8221;1\/3&#8243;][vc_video link=&#8221;https:\/\/youtu.be\/BB83QSN_uM4&#8243; css=&#8221;.vc_custom_1635706284212{margin-bottom: 15px !important;}&#8221;][vc_column_text css=&#8221;.vc_custom_1637054851898{margin-bottom: 0px !important;}&#8221;]<strong>Interviste SCAN Televizion<\/strong>[\/vc_column_text][\/vc_column][vc_column width=&#8221;1\/3&#8243;][vc_video link=&#8221;https:\/\/youtu.be\/siI1lpT6UwM&#8221; css=&#8221;.vc_custom_1635706643095{margin-bottom: 15px !important;}&#8221;][vc_column_text css=&#8221;.vc_custom_1635707023053{margin-bottom: 0px !important;}&#8221;]<strong>Investimet publike si m\u00ebnyr\u00eb p\u00ebr t\u00eb gjeneruar rritje ekonomike<\/strong>[\/vc_column_text][\/vc_column][vc_column width=&#8221;1\/3&#8243;][vc_video link=&#8221;https:\/\/youtu.be\/JTCoYqSq0wg&#8221; css=&#8221;.vc_custom_1635706714238{margin-bottom: 15px !important;}&#8221;][vc_column_text css=&#8221;.vc_custom_1635707027310{margin-bottom: 0px !important;}&#8221;]<strong>Rritja e pragut t\u00eb TVSH<\/strong>[\/vc_column_text][\/vc_column][\/vc_row][vc_row wrap_container=&#8221;yes&#8221; is_section=&#8221;yes&#8221; section_skin=&#8221;parallax&#8221; remove_margin_top=&#8221;yes&#8221; remove_padding_top=&#8221;yes&#8221; el_class=&#8221;section2&#8243; css=&#8221;.vc_custom_1635707064963{padding-top: 60px !important;background-color: #f7f7f7 !important;background-position: center !important;background-repeat: no-repeat !important;background-size: cover !important;}&#8221;][vc_column width=&#8221;1\/3&#8243;][vc_video link=&#8221;https:\/\/youtu.be\/bk-HyJCSO7Y&#8221; css=&#8221;.vc_custom_1635706873085{margin-bottom: 15px !important;}&#8221;][vc_column_text css=&#8221;.vc_custom_1635707031925{margin-bottom: 0px !important;}&#8221;]<strong>Paga e luft\u00ebs dhe parashikimi pesimist i BB p\u00ebr Shqip\u00ebrin\u00eb<\/strong>[\/vc_column_text][\/vc_column][vc_column width=&#8221;1\/3&#8243;][vc_video link=&#8221;https:\/\/youtu.be\/KMP1vXOAJ0E&#8221; css=&#8221;.vc_custom_1635706912440{margin-bottom: 15px !important;}&#8221;][vc_column_text css=&#8221;.vc_custom_1635707036046{margin-bottom: 0px !important;}&#8221;]<strong>Pse qeverit\u00eb nuk e masin dot informalitetin?<\/strong>[\/vc_column_text][\/vc_column][vc_column width=&#8221;1\/3&#8243;][vc_video link=&#8221;https:\/\/youtu.be\/JTCoYqSq0wg&#8221; css=&#8221;.vc_custom_1635706714238{margin-bottom: 15px !important;}&#8221;][vc_column_text css=&#8221;.vc_custom_1635707040581{margin-bottom: 0px !important;}&#8221;]<strong>Rritja e pragut t\u00eb TVSH<\/strong>[\/vc_column_text][\/vc_column][\/vc_row]<\/p>\n<\/div>","protected":false},"excerpt":{"rendered":"<p>[vc_row wrap_container=&#8221;yes&#8221; is_section=&#8221;yes&#8221; section_skin=&#8221;parallax&#8221; el_class=&#8221;section1&#8243;][vc_column][vc_custom_heading text=&#8221;Media&#8221; font_container=&#8221;tag:h2|font_size:28|text_align:left&#8221; use_theme_fonts=&#8221;yes&#8221; font_weight=&#8221;700&#8243; css=&#8221;.vc_custom_1635705513725{margin-bottom: 5px !important;}&#8221;][vc_separator color=&#8221;custom&#8221; align=&#8221;align_left&#8221; border_width=&#8221;4&#8243; el_width=&#8221;10&#8243; type=&#8221;small&#8221; gap=&#8221;short&#8221; accent_color=&#8221;#0db14b&#8221; el_class=&#8221;separator&#8221;][vc_column_text] ALTAX is an Albanian think \u2013 tank initiative aiming at [&hellip;]<\/p>\n","protected":false},"author":1,"featured_media":0,"parent":0,"menu_order":0,"comment_status":"closed","ping_status":"closed","template":"","meta":{"inline_featured_image":false,"footnotes":""},"class_list":["post-9780","page","type-page","status-publish","hentry"],"yoast_head":"<!-- This site is optimized with the Yoast SEO plugin v26.7 - https:\/\/yoast.com\/wordpress\/plugins\/seo\/ -->\n<title>Media - ALTAX<\/title>\n<meta name=\"robots\" content=\"index, follow, max-snippet:-1, max-image-preview:large, max-video-preview:-1\" \/>\n<link rel=\"canonical\" href=\"https:\/\/altax.al\/en\/media\/\" \/>\n<meta property=\"og:locale\" content=\"en_US\" \/>\n<meta property=\"og:type\" content=\"article\" \/>\n<meta property=\"og:title\" content=\"Media - ALTAX\" \/>\n<meta property=\"og:description\" content=\"[vc_row wrap_container=&#8221;yes&#8221; is_section=&#8221;yes&#8221; section_skin=&#8221;parallax&#8221; el_class=&#8221;section1&#8243;][vc_column][vc_custom_heading text=&#8221;Media&#8221; font_container=&#8221;tag:h2|font_size:28|text_align:left&#8221; use_theme_fonts=&#8221;yes&#8221; font_weight=&#8221;700&#8243; css=&#8221;.vc_custom_1635705513725{margin-bottom: 5px !important;}&#8221;][vc_separator color=&#8221;custom&#8221; align=&#8221;align_left&#8221; border_width=&#8221;4&#8243; el_width=&#8221;10&#8243; type=&#8221;small&#8221; gap=&#8221;short&#8221; accent_color=&#8221;#0db14b&#8221; el_class=&#8221;separator&#8221;][vc_column_text] ALTAX is an Albanian think \u2013 tank initiative aiming at [&hellip;]\" \/>\n<meta property=\"og:url\" content=\"https:\/\/altax.al\/en\/media\/\" \/>\n<meta property=\"og:site_name\" content=\"ALTAX\" \/>\n<meta property=\"article:publisher\" content=\"https:\/\/www.facebook.com\/Fiskalisti\/\" \/>\n<meta property=\"article:modified_time\" content=\"2022-03-07T20:42:43+00:00\" \/>\n<meta name=\"twitter:card\" content=\"summary_large_image\" \/>\n<meta name=\"twitter:label1\" content=\"Est. reading time\" \/>\n\t<meta name=\"twitter:data1\" content=\"3 minutes\" \/>\n<script type=\"application\/ld+json\" class=\"yoast-schema-graph\">{\"@context\":\"https:\/\/schema.org\",\"@graph\":[{\"@type\":\"WebPage\",\"@id\":\"https:\/\/altax.al\/en\/media\/\",\"url\":\"https:\/\/altax.al\/en\/media\/\",\"name\":\"Media - ALTAX\",\"isPartOf\":{\"@id\":\"https:\/\/altax.al\/#website\"},\"datePublished\":\"2021-11-13T11:14:48+00:00\",\"dateModified\":\"2022-03-07T20:42:43+00:00\",\"breadcrumb\":{\"@id\":\"https:\/\/altax.al\/en\/media\/#breadcrumb\"},\"inLanguage\":\"en-US\",\"potentialAction\":[{\"@type\":\"ReadAction\",\"target\":[\"https:\/\/altax.al\/en\/media\/\"]}]},{\"@type\":\"BreadcrumbList\",\"@id\":\"https:\/\/altax.al\/en\/media\/#breadcrumb\",\"itemListElement\":[{\"@type\":\"ListItem\",\"position\":1,\"name\":\"Home\",\"item\":\"https:\/\/altax.al\/en\/\"},{\"@type\":\"ListItem\",\"position\":2,\"name\":\"Media\"}]},{\"@type\":\"WebSite\",\"@id\":\"https:\/\/altax.al\/#website\",\"url\":\"https:\/\/altax.al\/\",\"name\":\"ALTAX\",\"description\":\"\",\"publisher\":{\"@id\":\"https:\/\/altax.al\/#organization\"},\"potentialAction\":[{\"@type\":\"SearchAction\",\"target\":{\"@type\":\"EntryPoint\",\"urlTemplate\":\"https:\/\/altax.al\/?s={search_term_string}\"},\"query-input\":{\"@type\":\"PropertyValueSpecification\",\"valueRequired\":true,\"valueName\":\"search_term_string\"}}],\"inLanguage\":\"en-US\"},{\"@type\":\"Organization\",\"@id\":\"https:\/\/altax.al\/#organization\",\"name\":\"ALTAX\",\"url\":\"https:\/\/altax.al\/\",\"logo\":{\"@type\":\"ImageObject\",\"inLanguage\":\"en-US\",\"@id\":\"https:\/\/altax.al\/#\/schema\/logo\/image\/\",\"url\":\"https:\/\/altax.al\/wp-content\/uploads\/2021\/11\/LOGO-ALTAX.svg\",\"contentUrl\":\"https:\/\/altax.al\/wp-content\/uploads\/2021\/11\/LOGO-ALTAX.svg\",\"width\":\"1024\",\"height\":\"1024\",\"caption\":\"ALTAX\"},\"image\":{\"@id\":\"https:\/\/altax.al\/#\/schema\/logo\/image\/\"},\"sameAs\":[\"https:\/\/www.facebook.com\/Fiskalisti\/\",\"https:\/\/www.instagram.com\/altaxstudio\/\",\"https:\/\/www.linkedin.com\/in\/altax\/\"]}]}<\/script>\n<!-- \/ Yoast SEO plugin. -->","yoast_head_json":{"title":"Media - ALTAX","robots":{"index":"index","follow":"follow","max-snippet":"max-snippet:-1","max-image-preview":"max-image-preview:large","max-video-preview":"max-video-preview:-1"},"canonical":"https:\/\/altax.al\/en\/media\/","og_locale":"en_US","og_type":"article","og_title":"Media - ALTAX","og_description":"[vc_row wrap_container=&#8221;yes&#8221; is_section=&#8221;yes&#8221; section_skin=&#8221;parallax&#8221; el_class=&#8221;section1&#8243;][vc_column][vc_custom_heading text=&#8221;Media&#8221; font_container=&#8221;tag:h2|font_size:28|text_align:left&#8221; use_theme_fonts=&#8221;yes&#8221; font_weight=&#8221;700&#8243; css=&#8221;.vc_custom_1635705513725{margin-bottom: 5px !important;}&#8221;][vc_separator color=&#8221;custom&#8221; align=&#8221;align_left&#8221; border_width=&#8221;4&#8243; el_width=&#8221;10&#8243; type=&#8221;small&#8221; gap=&#8221;short&#8221; accent_color=&#8221;#0db14b&#8221; el_class=&#8221;separator&#8221;][vc_column_text] ALTAX is an Albanian think \u2013 tank initiative aiming at [&hellip;]","og_url":"https:\/\/altax.al\/en\/media\/","og_site_name":"ALTAX","article_publisher":"https:\/\/www.facebook.com\/Fiskalisti\/","article_modified_time":"2022-03-07T20:42:43+00:00","twitter_card":"summary_large_image","twitter_misc":{"Est. reading time":"3 minutes"},"schema":{"@context":"https:\/\/schema.org","@graph":[{"@type":"WebPage","@id":"https:\/\/altax.al\/en\/media\/","url":"https:\/\/altax.al\/en\/media\/","name":"Media - ALTAX","isPartOf":{"@id":"https:\/\/altax.al\/#website"},"datePublished":"2021-11-13T11:14:48+00:00","dateModified":"2022-03-07T20:42:43+00:00","breadcrumb":{"@id":"https:\/\/altax.al\/en\/media\/#breadcrumb"},"inLanguage":"en-US","potentialAction":[{"@type":"ReadAction","target":["https:\/\/altax.al\/en\/media\/"]}]},{"@type":"BreadcrumbList","@id":"https:\/\/altax.al\/en\/media\/#breadcrumb","itemListElement":[{"@type":"ListItem","position":1,"name":"Home","item":"https:\/\/altax.al\/en\/"},{"@type":"ListItem","position":2,"name":"Media"}]},{"@type":"WebSite","@id":"https:\/\/altax.al\/#website","url":"https:\/\/altax.al\/","name":"ALTAX","description":"","publisher":{"@id":"https:\/\/altax.al\/#organization"},"potentialAction":[{"@type":"SearchAction","target":{"@type":"EntryPoint","urlTemplate":"https:\/\/altax.al\/?s={search_term_string}"},"query-input":{"@type":"PropertyValueSpecification","valueRequired":true,"valueName":"search_term_string"}}],"inLanguage":"en-US"},{"@type":"Organization","@id":"https:\/\/altax.al\/#organization","name":"ALTAX","url":"https:\/\/altax.al\/","logo":{"@type":"ImageObject","inLanguage":"en-US","@id":"https:\/\/altax.al\/#\/schema\/logo\/image\/","url":"https:\/\/altax.al\/wp-content\/uploads\/2021\/11\/LOGO-ALTAX.svg","contentUrl":"https:\/\/altax.al\/wp-content\/uploads\/2021\/11\/LOGO-ALTAX.svg","width":"1024","height":"1024","caption":"ALTAX"},"image":{"@id":"https:\/\/altax.al\/#\/schema\/logo\/image\/"},"sameAs":["https:\/\/www.facebook.com\/Fiskalisti\/","https:\/\/www.instagram.com\/altaxstudio\/","https:\/\/www.linkedin.com\/in\/altax\/"]}]}},"_links":{"self":[{"href":"https:\/\/altax.al\/en\/wp-json\/wp\/v2\/pages\/9780","targetHints":{"allow":["GET"]}}],"collection":[{"href":"https:\/\/altax.al\/en\/wp-json\/wp\/v2\/pages"}],"about":[{"href":"https:\/\/altax.al\/en\/wp-json\/wp\/v2\/types\/page"}],"author":[{"embeddable":true,"href":"https:\/\/altax.al\/en\/wp-json\/wp\/v2\/users\/1"}],"replies":[{"embeddable":true,"href":"https:\/\/altax.al\/en\/wp-json\/wp\/v2\/comments?post=9780"}],"version-history":[{"count":0,"href":"https:\/\/altax.al\/en\/wp-json\/wp\/v2\/pages\/9780\/revisions"}],"wp:attachment":[{"href":"https:\/\/altax.al\/en\/wp-json\/wp\/v2\/media?parent=9780"}],"curies":[{"name":"wp","href":"https:\/\/api.w.org\/{rel}","templated":true}]}}